{"id":15862,"date":"2025-11-04T20:46:16","date_gmt":"2025-11-04T20:46:16","guid":{"rendered":"https:\/\/www.magnum.olsztyn.pl\/?page_id=15862"},"modified":"2025-11-11T06:41:40","modified_gmt":"2025-11-11T06:41:40","slug":"promocja-01","status":"publish","type":"page","link":"https:\/\/www.magnum.olsztyn.pl\/index.php\/promocja-01\/","title":{"rendered":"PROMOCJA KUP DOZOWNIK"},"content":{"rendered":"<div class=\"wpb-content-wrapper\"><p>[vc_row css=&#8221;.vc_custom_1762405123515{margin-top: 45px !important;}&#8221;][vc_column][vc_column_text]<\/p>\n<h1 style=\"font-weight: 400; text-align: center;\"><strong>REGULAMIN PROMOCJI ZAWARTY W UMOWIE<\/strong><\/h1>\n<p>[\/vc_column_text][\/vc_column][\/vc_row][vc_row][vc_column][vc_column_text]<\/p>\n<h3>Skorzystaj z wyj\u0105tkowej promocji \u2013 dozownik z 90% rabatem!<\/h3>\n<p>Zadbaj o czysto\u015b\u0107 i higien\u0119 w swoim otoczeniu \u2013 teraz to jeszcze prostsze!<br \/>\nKupuj\u0105c nasze \u015brodki czysto\u015bci, mo\u017cesz otrzyma\u0107 <strong>profesjonalny dozownik<\/strong> z <strong>90% upustem<\/strong>.<\/p>\n<p><strong>Napisz do nas <\/strong><a href=\"mailto:biuro@magnum.olsztyn.pl\">biuro@magnum.olsztyn.pl<\/a> , a wy\u015blemy \u00a0dla Ciebie umow\u0119 promocyjn\u0105.<br \/>\nNie zwlekaj \u2013 oferta ograniczona czasowo![\/vc_column_text][\/vc_column][\/vc_row]<\/p>\n<\/div>","protected":false},"excerpt":{"rendered":"<p>[vc_row css=&#8221;.vc_custom_1762405123515{margin-top: 45px !important;}&#8221;][vc_column][vc_column_text] REGULAMIN PROMOCJI ZAWARTY W UMOWIE [\/vc_column_text][\/vc_column][\/vc_row][vc_row][vc_column][vc_column_text] Skorzystaj z wyj\u0105tkowej promocji \u2013 dozownik z 90% rabatem! Zadbaj o czysto\u015b\u0107 i higien\u0119 w swoim otoczeniu \u2013 teraz to jeszcze prostsze! Kupuj\u0105c nasze \u015brodki czysto\u015bci, mo\u017cesz otrzyma\u0107 profesjonalny dozownik z 90% upustem. Napisz do nas biuro@magnum.olsztyn.pl , a wy\u015blemy \u00a0dla Ciebie umow\u0119 promocyjn\u0105. Nie [&hellip;]<\/p>\n","protected":false},"author":1,"featured_media":0,"parent":0,"menu_order":0,"comment_status":"closed","ping_status":"closed","template":"","meta":{"_acf_changed":false,"footnotes":""},"class_list":["post-15862","page","type-page","status-publish","hentry"],"acf":[],"_links":{"self":[{"href":"https:\/\/www.magnum.olsztyn.pl\/index.php\/wp-json\/wp\/v2\/pages\/15862","targetHints":{"allow":["GET"]}}],"collection":[{"href":"https:\/\/www.magnum.olsztyn.pl\/index.php\/wp-json\/wp\/v2\/pages"}],"about":[{"href":"https:\/\/www.magnum.olsztyn.pl\/index.php\/wp-json\/wp\/v2\/types\/page"}],"author":[{"embeddable":true,"href":"https:\/\/www.magnum.olsztyn.pl\/index.php\/wp-json\/wp\/v2\/users\/1"}],"replies":[{"embeddable":true,"href":"https:\/\/www.magnum.olsztyn.pl\/index.php\/wp-json\/wp\/v2\/comments?post=15862"}],"version-history":[{"count":12,"href":"https:\/\/www.magnum.olsztyn.pl\/index.php\/wp-json\/wp\/v2\/pages\/15862\/revisions"}],"predecessor-version":[{"id":15917,"href":"https:\/\/www.magnum.olsztyn.pl\/index.php\/wp-json\/wp\/v2\/pages\/15862\/revisions\/15917"}],"wp:attachment":[{"href":"https:\/\/www.magnum.olsztyn.pl\/index.php\/wp-json\/wp\/v2\/media?parent=15862"}],"curies":[{"name":"wp","href":"https:\/\/api.w.org\/{rel}","templated":true}]}}