{"id":15866,"date":"2025-11-04T21:31:28","date_gmt":"2025-11-04T21:31:28","guid":{"rendered":"https:\/\/www.magnum.olsztyn.pl\/?page_id=15866"},"modified":"2025-11-06T05:03:44","modified_gmt":"2025-11-06T05:03:44","slug":"promocja-02","status":"publish","type":"page","link":"https:\/\/www.magnum.olsztyn.pl\/index.php\/promocja-02\/","title":{"rendered":"PROMOCJA KUP 5 OPAKOWA\u0143"},"content":{"rendered":"<div class=\"wpb-content-wrapper\"><p>[vc_row][vc_column][vc_column_text css=&#8221;.vc_custom_1762405420963{margin-top: 50px !important;}&#8221;]<\/p>\n<p style=\"font-weight: 400;\"><strong>REGULAMIN PROMOCJI<\/strong><\/p>\n<ol>\n<li style=\"font-weight: 400;\">Promocja obejmuje r\u0119czniki centralnego dozowania Katrin Plus S2 60m (kod:97494) oraz Katrin S2 75m (kod:97470)<\/li>\n<li style=\"font-weight: 400;\">Aby otrzyma\u0107 dozownik w promocyjnej cenie nale\u017cy dokona\u0107 zakupu 5 zgrzewek (\u0141\u0105cznie 60 rolek) produkt\u00f3w wymienionych w punkcie 1.<\/li>\n<li style=\"font-weight: 400;\">Po spe\u0142nieniu warunk\u00f3w wymienionych w punkcie 2. kupuj\u0105cy nabywa prawo do zakupu 1 szt. dozownika do powy\u017cszych r\u0119cznik\u00f3w w cenie 1 z\u0142 netto. Do wyboru jest kolor bia\u0142y (kod:82209) lub kolor czarny (kod:82247)<\/li>\n<li style=\"font-weight: 400;\">Promocja obowi\u0105zuje do wyczerpania zapas\u00f3w<\/li>\n<\/ol>\n<p style=\"font-weight: 400;\">\n<p style=\"font-weight: 400;\"><strong>WY\u0141\u0104CZENIE Z PORMOCJI\u00a0<\/strong><\/p>\n<p style=\"font-weight: 400;\">Promocja nie obejmuje klient\u00f3w, kt\u00f3rzy posiadaj\u0105 indywidualny rabat handlowy w wysoko\u015bci <strong>10% lub wy\u017cszy<\/strong> na produkty marki Katrin od ceny katalogowej. Klienci ci nie mog\u0105 skorzysta\u0107 z oferty promocyjnej polegaj\u0105cej na otrzymaniu dozownika za 1 z\u0142 przy zakupie pi\u0119ciu zgrzewek r\u0119cznika.<\/p>\n<p>[\/vc_column_text][\/vc_column][\/vc_row]<\/p>\n<\/div>","protected":false},"excerpt":{"rendered":"<p>[vc_row][vc_column][vc_column_text css=&#8221;.vc_custom_1762405420963{margin-top: 50px !important;}&#8221;] REGULAMIN PROMOCJI Promocja obejmuje r\u0119czniki centralnego dozowania Katrin Plus S2 60m (kod:97494) oraz Katrin S2 75m (kod:97470) Aby otrzyma\u0107 dozownik w promocyjnej cenie nale\u017cy dokona\u0107 zakupu 5 zgrzewek (\u0141\u0105cznie 60 rolek) produkt\u00f3w wymienionych w punkcie 1. Po spe\u0142nieniu warunk\u00f3w wymienionych w punkcie 2. kupuj\u0105cy nabywa prawo do zakupu 1 szt. dozownika [&hellip;]<\/p>\n","protected":false},"author":1,"featured_media":0,"parent":0,"menu_order":0,"comment_status":"closed","ping_status":"closed","template":"","meta":{"_acf_changed":false,"footnotes":""},"class_list":["post-15866","page","type-page","status-publish","hentry"],"acf":[],"_links":{"self":[{"href":"https:\/\/www.magnum.olsztyn.pl\/index.php\/wp-json\/wp\/v2\/pages\/15866","targetHints":{"allow":["GET"]}}],"collection":[{"href":"https:\/\/www.magnum.olsztyn.pl\/index.php\/wp-json\/wp\/v2\/pages"}],"about":[{"href":"https:\/\/www.magnum.olsztyn.pl\/index.php\/wp-json\/wp\/v2\/types\/page"}],"author":[{"embeddable":true,"href":"https:\/\/www.magnum.olsztyn.pl\/index.php\/wp-json\/wp\/v2\/users\/1"}],"replies":[{"embeddable":true,"href":"https:\/\/www.magnum.olsztyn.pl\/index.php\/wp-json\/wp\/v2\/comments?post=15866"}],"version-history":[{"count":5,"href":"https:\/\/www.magnum.olsztyn.pl\/index.php\/wp-json\/wp\/v2\/pages\/15866\/revisions"}],"predecessor-version":[{"id":15890,"href":"https:\/\/www.magnum.olsztyn.pl\/index.php\/wp-json\/wp\/v2\/pages\/15866\/revisions\/15890"}],"wp:attachment":[{"href":"https:\/\/www.magnum.olsztyn.pl\/index.php\/wp-json\/wp\/v2\/media?parent=15866"}],"curies":[{"name":"wp","href":"https:\/\/api.w.org\/{rel}","templated":true}]}}