{"id":15875,"date":"2025-11-06T04:43:52","date_gmt":"2025-11-06T04:43:52","guid":{"rendered":"https:\/\/www.magnum.olsztyn.pl\/?page_id=15875"},"modified":"2025-11-06T05:09:26","modified_gmt":"2025-11-06T05:09:26","slug":"promocja-03","status":"publish","type":"page","link":"https:\/\/www.magnum.olsztyn.pl\/index.php\/promocja-03\/","title":{"rendered":"PROMOCJA KUP 5 WALIZEK"},"content":{"rendered":"<div class=\"wpb-content-wrapper\"><p>[vc_row][vc_column][vc_column_text css=&#8221;.vc_custom_1762405759543{margin-top: 45px !important;}&#8221;]<\/p>\n<p style=\"font-weight: 400;\"><strong>REGULAMIN PROMOCJI<\/strong><\/p>\n<ol>\n<li style=\"font-weight: 400;\">Promocja obejmuje r\u0119czniki ZZ Katrin (kod:35298) oraz ZZ Katrin Plus (kod:35311)<\/li>\n<li style=\"font-weight: 400;\">Aby otrzyma\u0107 dozownik w promocyjnej cenie nale\u017cy dokona\u0107 zakupu 5 walizek produkt\u00f3w wymienionych w punkcie 1.<\/li>\n<li style=\"font-weight: 400;\">Po spe\u0142nieniu warunk\u00f3w wymienionych w punkcie 2. kupuj\u0105cy nabywa prawo do zakupu 1 szt. dozownika do powy\u017cszych r\u0119cznik\u00f3w w cenie 1 z\u0142 netto. Do wyboru jest kolor bia\u0142y (kod:88942) lub kolor czarny (kod:88966)<\/li>\n<li style=\"font-weight: 400;\">Promocja obowi\u0105zuje do wyczerpania zapas\u00f3w<\/li>\n<\/ol>\n<p style=\"font-weight: 400;\">\n<p style=\"font-weight: 400;\"><strong>WY\u0141\u0104CZENIE Z PORMOCJI\u00a0<\/strong><\/p>\n<p style=\"font-weight: 400;\">Promocja nie obejmuje klient\u00f3w, kt\u00f3rzy posiadaj\u0105 indywidualny rabat handlowy w wysoko\u015bci <strong>10% lub wy\u017cszy<\/strong> na produkty marki Katrin od ceny katalogowej. Klienci ci nie mog\u0105 skorzysta\u0107 z oferty promocyjnej polegaj\u0105cej na otrzymaniu dozownika za 1 z\u0142 przy zakupie pi\u0119ciu zgrzewek r\u0119cznika.<\/p>\n<p>[\/vc_column_text][\/vc_column][\/vc_row]<\/p>\n<\/div>","protected":false},"excerpt":{"rendered":"<p>[vc_row][vc_column][vc_column_text css=&#8221;.vc_custom_1762405759543{margin-top: 45px !important;}&#8221;] REGULAMIN PROMOCJI Promocja obejmuje r\u0119czniki ZZ Katrin (kod:35298) oraz ZZ Katrin Plus (kod:35311) Aby otrzyma\u0107 dozownik w promocyjnej cenie nale\u017cy dokona\u0107 zakupu 5 walizek produkt\u00f3w wymienionych w punkcie 1. Po spe\u0142nieniu warunk\u00f3w wymienionych w punkcie 2. kupuj\u0105cy nabywa prawo do zakupu 1 szt. dozownika do powy\u017cszych r\u0119cznik\u00f3w w cenie 1 z\u0142 [&hellip;]<\/p>\n","protected":false},"author":1,"featured_media":0,"parent":0,"menu_order":0,"comment_status":"closed","ping_status":"closed","template":"","meta":{"_acf_changed":false,"footnotes":""},"class_list":["post-15875","page","type-page","status-publish","hentry"],"acf":[],"_links":{"self":[{"href":"https:\/\/www.magnum.olsztyn.pl\/index.php\/wp-json\/wp\/v2\/pages\/15875","targetHints":{"allow":["GET"]}}],"collection":[{"href":"https:\/\/www.magnum.olsztyn.pl\/index.php\/wp-json\/wp\/v2\/pages"}],"about":[{"href":"https:\/\/www.magnum.olsztyn.pl\/index.php\/wp-json\/wp\/v2\/types\/page"}],"author":[{"embeddable":true,"href":"https:\/\/www.magnum.olsztyn.pl\/index.php\/wp-json\/wp\/v2\/users\/1"}],"replies":[{"embeddable":true,"href":"https:\/\/www.magnum.olsztyn.pl\/index.php\/wp-json\/wp\/v2\/comments?post=15875"}],"version-history":[{"count":3,"href":"https:\/\/www.magnum.olsztyn.pl\/index.php\/wp-json\/wp\/v2\/pages\/15875\/revisions"}],"predecessor-version":[{"id":15894,"href":"https:\/\/www.magnum.olsztyn.pl\/index.php\/wp-json\/wp\/v2\/pages\/15875\/revisions\/15894"}],"wp:attachment":[{"href":"https:\/\/www.magnum.olsztyn.pl\/index.php\/wp-json\/wp\/v2\/media?parent=15875"}],"curies":[{"name":"wp","href":"https:\/\/api.w.org\/{rel}","templated":true}]}}